{"id":129663,"date":"2023-08-18T07:35:35","date_gmt":"2023-08-18T06:35:35","guid":{"rendered":"https:\/\/www.avanet.com\/shop\/sophos-access-points-support-for-ap6-840\/"},"modified":"2024-04-22T16:40:40","modified_gmt":"2024-04-22T15:40:40","slug":"sophos-access-points-support-for-ap6-840","status":"publish","type":"product","link":"https:\/\/www.avanet.com\/it\/shop\/sophos-access-points-support-for-ap6-840\/","title":{"rendered":"Sophos Access Points Support per AP6 840"},"content":{"rendered":"<div data-block=\"hook:129848\" class=\"alignfull\"><article id=\"post-129848\" class=\"post-129848\"><div class=\"entry-content is-layout-constrained\">\n<ul class=\"wp-block-list\">\n<li><strong>Sophos Central Management<\/strong>:\n<ul class=\"wp-block-list\">\n<li>Con Sophos Central Management avrete il controllo e la gestione centralizzata di tutti i vostri punti di accesso Sophos, per una maggiore efficienza e chiarezza.<\/li>\n<\/ul>\n<\/li>\n\n\n\n<li><strong>Garanzia limitata a vita:<\/strong>\n<ul class=\"wp-block-list\">\n<li>Sophos fornisce una garanzia limitata a vita per gli access point AP6. Questo \u00e8 indice della qualit\u00e0 e dell'affidabilit\u00e0 del prodotto.<\/li>\n<\/ul>\n<\/li>\n\n\n\n<li><strong>Assistenza e supporto 24\/7<\/strong>:\n<ul class=\"wp-block-list\">\n<li>Approfittate di un pacchetto completo di assistenza e supporto che comprende non solo l'assistenza telefonica 24\/7, ma anche gli aggiornamenti del firmware e la sostituzione anticipata nell'ambito dell'Advance RMA.<\/li>\n<\/ul>\n<\/li>\n<\/ul>\n<div id=\"rank-math-faq\" class=\"rank-math-block\">\n<div class=\"rank-math-list \">\n<div id=\"faq-question-1692357109046\" class=\"rank-math-list-item\">\n<h3 class=\"rank-math-question \">Perch\u00e9 esiste un abbonamento di assistenza e supporto?<\/h3>\n<div class=\"rank-math-answer \">\n\n<p>Sophos ha semplificato il concetto di assistenza per le sue soluzioni di rete e ora fornisce assistenza telefonica end-to-end, aggiornamenti del firmware, RMA avanzata e una garanzia limitata a vita per il dispositivo AP6. Questo approccio \u00e8 simile a quello di Sophos Switch. Il sistema di licenze precedentemente utilizzato per la gestione centrale non \u00e8 pi\u00f9 in uso. Mentre il sistema di gestione centrale per gli AP e gli APX continua a essere gratuito, il supporto e i servizi stanno diventando sempre pi\u00f9 centrali per la direzione futura dell'azienda.<\/p>\n\n<\/div>\n<\/div>\n<div id=\"faq-question-1692357120257\" class=\"rank-math-list-item\">\n<h3 class=\"rank-math-question \">Quando inizia la durata della licenza di assistenza?<\/h3>\n<div class=\"rank-math-answer \">\n\n<p>Come per Sophos Switch, il supporto inizia immediatamente dopo l'elaborazione dell'ordine. Se si prevede di mantenere alcuni punti di accesso come riserva, sarebbe opportuno attivare il supporto solo quando questi punti di accesso vengono messi in funzione.<\/p>\n\n<\/div>\n<\/div>\n<div id=\"faq-question-1692357285213\" class=\"rank-math-list-item\">\n<h3 class=\"rank-math-question \"><strong>Cosa significa esattamente garanzia a vita?<\/strong><\/h3>\n<div class=\"rank-math-answer \">\n\n<p>Per tutti i modelli della gamma AP6, Sophos fornisce una garanzia limitata per l'intera durata del prodotto, a garanzia della qualit\u00e0 e dell'affidabilit\u00e0 dei prodotti. Limitato dal fatto che la negligenza non \u00e8 coperta dalla garanzia o da cause di forza maggiore, e che la garanzia non \u00e8 pi\u00f9 valida quando il prodotto ha raggiunto la fine della sua vita utile.<\/p>\n\n<\/div>\n<\/div>\n<\/div>\n<\/div><\/div><\/article><\/div>\n","protected":false},"excerpt":{"rendered":"","protected":false},"featured_media":130077,"template":"","meta":{"_acf_changed":false},"product_brand":[],"product_cat":[598],"product_tag":[],"class_list":{"0":"post-129663","1":"product","2":"type-product","3":"status-publish","4":"has-post-thumbnail","6":"product_cat-uncategorized","8":"first","9":"instock","10":"taxable","11":"shipping-taxable","12":"purchasable","13":"product-type-variable","14":"has-default-attributes"},"acf":[],"_links":{"self":[{"href":"https:\/\/www.avanet.com\/it\/wp-json\/wp\/v2\/product\/129663","targetHints":{"allow":["GET"]}}],"collection":[{"href":"https:\/\/www.avanet.com\/it\/wp-json\/wp\/v2\/product"}],"about":[{"href":"https:\/\/www.avanet.com\/it\/wp-json\/wp\/v2\/types\/product"}],"wp:featuredmedia":[{"embeddable":true,"href":"https:\/\/www.avanet.com\/it\/wp-json\/wp\/v2\/media\/130077"}],"wp:attachment":[{"href":"https:\/\/www.avanet.com\/it\/wp-json\/wp\/v2\/media?parent=129663"}],"wp:term":[{"taxonomy":"product_brand","embeddable":true,"href":"https:\/\/www.avanet.com\/it\/wp-json\/wp\/v2\/product_brand?post=129663"},{"taxonomy":"product_cat","embeddable":true,"href":"https:\/\/www.avanet.com\/it\/wp-json\/wp\/v2\/product_cat?post=129663"},{"taxonomy":"product_tag","embeddable":true,"href":"https:\/\/www.avanet.com\/it\/wp-json\/wp\/v2\/product_tag?post=129663"}],"curies":[{"name":"wp","href":"https:\/\/api.w.org\/{rel}","templated":true}]}}