{"id":131747,"date":"2023-09-15T11:01:02","date_gmt":"2023-09-15T10:01:02","guid":{"rendered":"https:\/\/www.avanet.com\/shop\/sophos-poe-injector-802-3bt-60w-2-5-gbit\/"},"modified":"2024-04-03T14:42:13","modified_gmt":"2024-04-03T13:42:13","slug":"sophos-poe-injector-802-3bt-60w-2-5-gbit","status":"publish","type":"product","link":"https:\/\/www.avanet.com\/it\/shop\/sophos-poe-injector-802-3bt-60w-2-5-gbit\/","title":{"rendered":"Sophos PoE++ Injector (802.3bt &#8211; 60W) 2.5 Gbit"},"content":{"rendered":"<p>L&#8217;iniettore Sophos PoE++ (802.3bt &#8211; 60W) 2,5 Gbit \u00e8 la soluzione ottimale per l&#8217;alimentazione e la rete del nuovo Access Point Sophos AP6 840E. Con una potenza di uscita fino a 60 W e una connessione Ethernet da 2,5 Gbit, questo iniettore offre un modo semplice, efficiente e affidabile per alimentare i dispositivi. Supporta il pi\u00f9 recente standard 802.3bt, garantendo la massima compatibilit\u00e0 e prestazioni per i dispositivi di rete pi\u00f9 esigenti.<\/p>\n","protected":false},"excerpt":{"rendered":"[blocksy-content-block id=\"107493\"]\n","protected":false},"featured_media":157750,"template":"","meta":{"_acf_changed":false},"product_brand":[],"product_cat":[598],"product_tag":[],"class_list":{"0":"post-131747","1":"product","2":"type-product","3":"status-publish","4":"has-post-thumbnail","6":"product_cat-uncategorized","8":"first","9":"instock","10":"taxable","11":"shipping-taxable","12":"purchasable","13":"product-type-simple"},"acf":[],"_links":{"self":[{"href":"https:\/\/www.avanet.com\/it\/wp-json\/wp\/v2\/product\/131747","targetHints":{"allow":["GET"]}}],"collection":[{"href":"https:\/\/www.avanet.com\/it\/wp-json\/wp\/v2\/product"}],"about":[{"href":"https:\/\/www.avanet.com\/it\/wp-json\/wp\/v2\/types\/product"}],"wp:featuredmedia":[{"embeddable":true,"href":"https:\/\/www.avanet.com\/it\/wp-json\/wp\/v2\/media\/157750"}],"wp:attachment":[{"href":"https:\/\/www.avanet.com\/it\/wp-json\/wp\/v2\/media?parent=131747"}],"wp:term":[{"taxonomy":"product_brand","embeddable":true,"href":"https:\/\/www.avanet.com\/it\/wp-json\/wp\/v2\/product_brand?post=131747"},{"taxonomy":"product_cat","embeddable":true,"href":"https:\/\/www.avanet.com\/it\/wp-json\/wp\/v2\/product_cat?post=131747"},{"taxonomy":"product_tag","embeddable":true,"href":"https:\/\/www.avanet.com\/it\/wp-json\/wp\/v2\/product_tag?post=131747"}],"curies":[{"name":"wp","href":"https:\/\/api.w.org\/{rel}","templated":true}]}}